{"id":601,"date":"2025-12-22T09:18:29","date_gmt":"2025-12-22T09:18:29","guid":{"rendered":"https:\/\/port.univpm.it\/port\/?page_id=601"},"modified":"2026-05-08T08:07:36","modified_gmt":"2026-05-08T08:07:36","slug":"home","status":"publish","type":"page","link":"https:\/\/port.univpm.it\/port\/","title":{"rendered":"INGEGNERIA DELLE INFRASTRUTTURE ENERGETICHE E DELLA LOGISTICA IN AMBITO PORTUALE"},"content":{"rendered":"\t\t<div data-elementor-type=\"wp-page\" data-elementor-id=\"601\" class=\"elementor elementor-601\">\n\t\t\t\t<div class=\"elementor-element elementor-element-ce18298 e-con-full e-flex e-con e-parent\" data-id=\"ce18298\" data-element_type=\"container\" data-e-type=\"container\">\n\t\t\t\t<div class=\"elementor-element elementor-element-3973727 elementor-arrows-position-inside elementor-pagination-position-outside elementor-widget elementor-widget-image-carousel\" data-id=\"3973727\" data-element_type=\"widget\" data-e-type=\"widget\" data-settings=\"{&quot;slides_to_show&quot;:&quot;1&quot;,&quot;navigation&quot;:&quot;both&quot;,&quot;autoplay&quot;:&quot;yes&quot;,&quot;pause_on_hover&quot;:&quot;yes&quot;,&quot;pause_on_interaction&quot;:&quot;yes&quot;,&quot;autoplay_speed&quot;:5000,&quot;infinite&quot;:&quot;yes&quot;,&quot;effect&quot;:&quot;slide&quot;,&quot;speed&quot;:500}\" data-widget_type=\"image-carousel.default\">\n\t\t\t\t\t\t\t<div class=\"elementor-image-carousel-wrapper swiper\" role=\"region\" aria-roledescription=\"carousel\" aria-label=\"Carosello d&#039;immagini\" dir=\"ltr\">\n\t\t\t<div class=\"elementor-image-carousel swiper-wrapper\" aria-live=\"off\">\n\t\t\t\t\t\t\t\t<div class=\"swiper-slide\" role=\"group\" aria-roledescription=\"slide\" aria-label=\"1 di 7\"><figure class=\"swiper-slide-inner\"><img decoding=\"async\" class=\"swiper-slide-image\" src=\"https:\/\/port.univpm.it\/wp-content\/uploads\/sites\/17\/2026\/05\/Porto-di-ancona-dal-alto-1500x1000.avif\" alt=\"Porto di ancona dal-alto\" \/><\/figure><\/div><div class=\"swiper-slide\" role=\"group\" aria-roledescription=\"slide\" aria-label=\"2 di 7\"><figure class=\"swiper-slide-inner\"><img decoding=\"async\" class=\"swiper-slide-image\" src=\"https:\/\/port.univpm.it\/wp-content\/uploads\/sites\/17\/2026\/05\/Porto-di-ancona-dal-mare-1.avif\" alt=\"Porto di ancona dal mare\" \/><\/figure><\/div><div class=\"swiper-slide\" role=\"group\" aria-roledescription=\"slide\" aria-label=\"3 di 7\"><figure class=\"swiper-slide-inner\"><img decoding=\"async\" class=\"swiper-slide-image\" src=\"https:\/\/port.univpm.it\/wp-content\/uploads\/sites\/17\/2026\/05\/nave-container.avif\" alt=\"nave container\" \/><\/figure><\/div><div class=\"swiper-slide\" role=\"group\" aria-roledescription=\"slide\" aria-label=\"4 di 7\"><figure class=\"swiper-slide-inner\"><img decoding=\"async\" class=\"swiper-slide-image\" src=\"https:\/\/port.univpm.it\/wp-content\/uploads\/sites\/17\/2026\/05\/base_petrol.avif\" alt=\"base_petrol\" \/><\/figure><\/div><div class=\"swiper-slide\" role=\"group\" aria-roledescription=\"slide\" aria-label=\"5 di 7\"><figure class=\"swiper-slide-inner\"><img decoding=\"async\" class=\"swiper-slide-image\" src=\"https:\/\/port.univpm.it\/wp-content\/uploads\/sites\/17\/2026\/05\/eolico_mare.avif\" alt=\"eolico_mare\" \/><\/figure><\/div><div class=\"swiper-slide\" role=\"group\" aria-roledescription=\"slide\" aria-label=\"6 di 7\"><figure class=\"swiper-slide-inner\"><img decoding=\"async\" class=\"swiper-slide-image\" src=\"https:\/\/port.univpm.it\/wp-content\/uploads\/sites\/17\/2026\/05\/csm_Engineering_StructureCutted_fadef442fd.avif\" alt=\"csm_Engineering_StructureCutted_fadef442fd\" \/><\/figure><\/div><div class=\"swiper-slide\" role=\"group\" aria-roledescription=\"slide\" aria-label=\"7 di 7\"><figure class=\"swiper-slide-inner\"><img decoding=\"async\" class=\"swiper-slide-image\" src=\"https:\/\/port.univpm.it\/wp-content\/uploads\/sites\/17\/2026\/05\/barca_vela.avif\" alt=\"barca_vela\" \/><\/figure><\/div>\t\t\t<\/div>\n\t\t\t\t\t\t\t\t\t\t\t\t<div class=\"elementor-swiper-button elementor-swiper-button-prev\" role=\"button\" tabindex=\"0\">\n\t\t\t\t\t\t<svg aria-hidden=\"true\" class=\"e-font-icon-svg e-eicon-chevron-left\" viewBox=\"0 0 1000 1000\" xmlns=\"http:\/\/www.w3.org\/2000\/svg\"><path d=\"M646 125C629 125 613 133 604 142L308 442C296 454 292 471 292 487 292 504 296 521 308 533L604 854C617 867 629 875 646 875 663 875 679 871 692 858 704 846 713 829 713 812 713 796 708 779 692 767L438 487 692 225C700 217 708 204 708 187 708 171 704 154 692 142 675 129 663 125 646 125Z\"><\/path><\/svg>\t\t\t\t\t<\/div>\n\t\t\t\t\t<div class=\"elementor-swiper-button elementor-swiper-button-next\" role=\"button\" tabindex=\"0\">\n\t\t\t\t\t\t<svg aria-hidden=\"true\" class=\"e-font-icon-svg e-eicon-chevron-right\" viewBox=\"0 0 1000 1000\" xmlns=\"http:\/\/www.w3.org\/2000\/svg\"><path d=\"M696 533C708 521 713 504 713 487 713 471 708 454 696 446L400 146C388 133 375 125 354 125 338 125 325 129 313 142 300 154 292 171 292 187 292 204 296 221 308 233L563 492 304 771C292 783 288 800 288 817 288 833 296 850 308 863 321 871 338 875 354 875 371 875 388 867 400 854L696 533Z\"><\/path><\/svg>\t\t\t\t\t<\/div>\n\t\t\t\t\n\t\t\t\t\t\t\t\t\t<div class=\"swiper-pagination\"><\/div>\n\t\t\t\t\t\t\t\t\t<\/div>\n\t\t\t\t\t\t<\/div>\n\t\t\t\t<\/div>\n\t\t<div class=\"elementor-element elementor-element-7fe2c4d e-flex e-con-boxed e-con e-parent\" data-id=\"7fe2c4d\" data-element_type=\"container\" data-e-type=\"container\">\n\t\t\t\t\t<div class=\"e-con-inner\">\n\t\t<div class=\"elementor-element elementor-element-9e8ac52 e-con-full e-flex e-con e-child\" data-id=\"9e8ac52\" data-element_type=\"container\" data-e-type=\"container\">\n\t\t\t\t<div class=\"elementor-element elementor-element-cfeb9f6 elementor-widget elementor-widget-text-editor\" data-id=\"cfeb9f6\" data-element_type=\"widget\" data-e-type=\"widget\" data-widget_type=\"text-editor.default\">\n\t\t\t\t\t\t\t\t\t<p style=\"text-align: center;\"><span style=\"font-size: 14pt; color: #000000;\"><strong>Corso di Laurea Magistrale in Ingegneria delle infrastrutture energetiche e della logistica in ambito portuale<\/strong><\/span><\/p><p><span style=\"font-size: 14pt;\">Il CdS in \u201cIngegneria delle infrastrutture energetiche e della logistica in ambito portuale\u201d \u00e8 un Corso di Laurea Magistrale a cui si pu\u00f2 accedere se si \u00e8 in possesso di un diploma di laurea della classe L-9 \u2013 Ingegneria Industriale (D.M. 270\/04) oppure della classe X \u2013 Ingegneria Industriale \u2013 (D.M. 509\/99) acquisito presso qualunque Ateneo, ovvero altro titolo di studio conseguito all\u2019estero riconosciuto idoneo. Inoltre, \u00e8 richiesta un\u2019adeguata conoscenza, equiparabile al livello B1, di almeno una lingua dell\u2019Unione Europea oltre l\u2019italiano, comprovata dal superamento di un esame\/prova idoneativa su un\u2019attivit\u00e0 formativa da 3 CFU nel percorso universitario precedente, o dal possesso di un certificato linguistico riconosciuto B1 a livello europeo. Il Regolamento Didattico del corso di studio prevede forme e modalit\u00e0 di verifica delle conoscenze linguistiche.<\/span><\/p><p><a href=\"https:\/\/port.univpm.it\/port\/presentazione\/\">CONTINUA<\/a><\/p><p>\u00a0<\/p>\t\t\t\t\t\t\t\t<\/div>\n\t\t\t\t<\/div>\n\t\t\t\t\t<\/div>\n\t\t\t\t<\/div>\n\t\t\t\t<\/div>\n\t\t","protected":false},"excerpt":{"rendered":"<p>Corso di Laurea Magistrale in Ingegneria delle infrastrutture energetiche e della logistica in ambito portuale Il CdS in \u201cIngegneria delle infrastrutture energetiche e della logistica in ambito portuale\u201d \u00e8 un [&hellip;]<\/p>\n","protected":false},"author":2,"featured_media":0,"parent":0,"menu_order":0,"comment_status":"closed","ping_status":"closed","template":"","meta":{"footnotes":""},"class_list":["post-601","page","type-page","status-publish","hentry"],"_links":{"self":[{"href":"https:\/\/port.univpm.it\/port\/wp-json\/wp\/v2\/pages\/601","targetHints":{"allow":["GET"]}}],"collection":[{"href":"https:\/\/port.univpm.it\/port\/wp-json\/wp\/v2\/pages"}],"about":[{"href":"https:\/\/port.univpm.it\/port\/wp-json\/wp\/v2\/types\/page"}],"author":[{"embeddable":true,"href":"https:\/\/port.univpm.it\/port\/wp-json\/wp\/v2\/users\/2"}],"replies":[{"embeddable":true,"href":"https:\/\/port.univpm.it\/port\/wp-json\/wp\/v2\/comments?post=601"}],"version-history":[{"count":5,"href":"https:\/\/port.univpm.it\/port\/wp-json\/wp\/v2\/pages\/601\/revisions"}],"predecessor-version":[{"id":913,"href":"https:\/\/port.univpm.it\/port\/wp-json\/wp\/v2\/pages\/601\/revisions\/913"}],"wp:attachment":[{"href":"https:\/\/port.univpm.it\/port\/wp-json\/wp\/v2\/media?parent=601"}],"curies":[{"name":"wp","href":"https:\/\/api.w.org\/{rel}","templated":true}]}}